{"id":4954,"date":"2022-08-22T11:09:01","date_gmt":"2022-08-22T14:09:01","guid":{"rendered":"http:\/\/cineeco.com.br\/web\/?page_id=4954"},"modified":"2022-09-19T20:20:46","modified_gmt":"2022-09-19T23:20:46","slug":"apresentacao-programacao-e-fotos-jundiai","status":"publish","type":"page","link":"https:\/\/cineeco.com.br\/web\/apresentacao-programacao-e-fotos-jundiai\/","title":{"rendered":"Apresenta\u00e7\u00e3o Programa\u00e7\u00e3o e Fotos Jundiai"},"content":{"rendered":"<section class=\"l-section wpb_row height_medium\"><div class=\"l-section-h i-cf\"><div class=\"g-cols via_grid cols_2 laptops-cols_inherit tablets-cols_inherit mobiles-cols_1 valign_top type_default\"><div class=\"wpb_column vc_column_container\"><div class=\"vc_column-inner\"><div class=\"w-image align_center\"><div class=\"w-image-h\"><img loading=\"lazy\" decoding=\"async\" width=\"768\" height=\"363\" src=\"https:\/\/cineeco.com.br\/web\/wp-content\/uploads\/2022\/08\/24.jpg\" class=\"attachment-us_768_0 size-us_768_0\" alt=\"\" srcset=\"https:\/\/cineeco.com.br\/web\/wp-content\/uploads\/2022\/08\/24.jpg 2283w, https:\/\/cineeco.com.br\/web\/wp-content\/uploads\/2022\/08\/24-300x142.jpg 300w, https:\/\/cineeco.com.br\/web\/wp-content\/uploads\/2022\/08\/24-1024x484.jpg 1024w, https:\/\/cineeco.com.br\/web\/wp-content\/uploads\/2022\/08\/24-1000x473.jpg 1000w\" sizes=\"auto, (max-width: 768px) 100vw, 768px\" \/><\/div><\/div><\/div><\/div><div class=\"wpb_column vc_column_container\"><div class=\"vc_column-inner\"><div class=\"w-image align_center\"><div class=\"w-image-h\"><img loading=\"lazy\" decoding=\"async\" width=\"768\" height=\"363\" src=\"https:\/\/cineeco.com.br\/web\/wp-content\/uploads\/2022\/08\/25-26.jpg\" class=\"attachment-us_768_0 size-us_768_0\" alt=\"\" srcset=\"https:\/\/cineeco.com.br\/web\/wp-content\/uploads\/2022\/08\/25-26.jpg 2283w, https:\/\/cineeco.com.br\/web\/wp-content\/uploads\/2022\/08\/25-26-300x142.jpg 300w, https:\/\/cineeco.com.br\/web\/wp-content\/uploads\/2022\/08\/25-26-1024x484.jpg 1024w, https:\/\/cineeco.com.br\/web\/wp-content\/uploads\/2022\/08\/25-26-1000x473.jpg 1000w\" sizes=\"auto, (max-width: 768px) 100vw, 768px\" \/><\/div><\/div><\/div><\/div><\/div><\/div><\/section><section class=\"l-section wpb_row height_auto\"><div class=\"l-section-h i-cf\"><div class=\"g-cols via_grid cols_1 laptops-cols_inherit tablets-cols_inherit mobiles-cols_1 valign_top type_default\"><div class=\"wpb_column vc_column_container\"><div class=\"vc_column-inner\"><div class=\"w-text us_custom_3ad351a3\"><span class=\"w-text-h\"><span class=\"w-text-value\">FOTOS<\/span><\/span><\/div><\/div><\/div><\/div><\/div><\/section><section class=\"l-section wpb_row height_small\"><div class=\"l-section-h i-cf\"><div class=\"g-cols via_grid cols_3 laptops-cols_inherit tablets-cols_inherit mobiles-cols_1 valign_top type_default\"><div class=\"wpb_column vc_column_container\"><div class=\"vc_column-inner\"><div class=\"w-ibanner animation_melete ratio_1x1 easing_ease\"><div class=\"w-ibanner-h\"><div class=\"w-ibanner-image\" style=\"background-image: url(https:\/\/cineeco.com.br\/web\/wp-content\/uploads\/2022\/09\/06-06-2.jpg)\"><\/div><div class=\"w-ibanner-content\"><div class=\"w-ibanner-content-h\"><h2 class=\"w-ibanner-title\">CLIQUE E VEJA AS FOTOS!<\/h2><div class=\"w-ibanner-desc\"><\/div><\/div><\/div><\/div><a target=\"_blank\" href=\"https:\/\/www.facebook.com\/media\/set\/?set=a.3428373514053114&amp;type=3\" rel=\"noopener\" aria-label=\"CLIQUE E VEJA AS FOTOS!\"><\/a><\/div><div class=\"w-ibanner animation_melete ratio_1x1 easing_ease\"><div class=\"w-ibanner-h\"><div class=\"w-ibanner-image\" style=\"background-image: url(https:\/\/cineeco.com.br\/web\/wp-content\/uploads\/2022\/09\/15-8-06-copy.jpg)\"><\/div><div class=\"w-ibanner-content\"><div class=\"w-ibanner-content-h\"><h2 class=\"w-ibanner-title\">CLIQUE E VEJA AS FOTOS!<\/h2><div class=\"w-ibanner-desc\"><\/div><\/div><\/div><\/div><a target=\"_blank\" href=\"https:\/\/www.facebook.com\/media\/set\/?set=a.3428438480713284&amp;type=3\" rel=\"noopener\" aria-label=\"CLIQUE E VEJA AS FOTOS!\"><\/a><\/div><div class=\"w-ibanner animation_melete ratio_1x1 easing_ease\"><div class=\"w-ibanner-h\"><div class=\"w-ibanner-image\" style=\"background-image: url(https:\/\/cineeco.com.br\/web\/wp-content\/uploads\/2022\/09\/8-06.jpg)\"><\/div><div class=\"w-ibanner-content\"><div class=\"w-ibanner-content-h\"><h2 class=\"w-ibanner-title\">CLIQUE E VEJA AS FOTOS!<\/h2><div class=\"w-ibanner-desc\"><\/div><\/div><\/div><\/div><a target=\"_blank\" href=\"https:\/\/www.facebook.com\/media\/set\/?set=a.3429898973900568&amp;type=3\" rel=\"noopener\" aria-label=\"CLIQUE E VEJA AS FOTOS!\"><\/a><\/div><div class=\"w-ibanner animation_melete ratio_1x1 easing_ease\"><div class=\"w-ibanner-h\"><div class=\"w-ibanner-image\" style=\"background-image: url(https:\/\/cineeco.com.br\/web\/wp-content\/uploads\/2022\/09\/7-06-copy.jpg)\"><\/div><div class=\"w-ibanner-content\"><div class=\"w-ibanner-content-h\"><h2 class=\"w-ibanner-title\">CLIQUE E VEJA AS FOTOS!<\/h2><div class=\"w-ibanner-desc\"><\/div><\/div><\/div><\/div><a target=\"_blank\" href=\"https:\/\/www.facebook.com\/media\/set\/?set=a.3432161153674350&amp;type=3\" rel=\"noopener\" aria-label=\"CLIQUE E VEJA AS FOTOS!\"><\/a><\/div><\/div><\/div><div class=\"wpb_column vc_column_container\"><div class=\"vc_column-inner\"><div class=\"w-ibanner animation_melete ratio_1x1 easing_ease\"><div class=\"w-ibanner-h\"><div class=\"w-ibanner-image\" style=\"background-image: url(https:\/\/cineeco.com.br\/web\/wp-content\/uploads\/2022\/09\/7-06_1.jpg)\"><\/div><div class=\"w-ibanner-content\"><div class=\"w-ibanner-content-h\"><h2 class=\"w-ibanner-title\">CLIQUE E VEJA AS FOTOS!<\/h2><div class=\"w-ibanner-desc\"><\/div><\/div><\/div><\/div><a href=\"https:\/\/www.facebook.com\/media\/set\/?set=a.3428378384052627&amp;type=3\" aria-label=\"CLIQUE E VEJA AS FOTOS!\"><\/a><\/div><div class=\"w-ibanner animation_melete ratio_1x1 easing_ease\"><div class=\"w-ibanner-h\"><div class=\"w-ibanner-image\" style=\"background-image: url(https:\/\/cineeco.com.br\/web\/wp-content\/uploads\/2022\/09\/6-06.jpg)\"><\/div><div class=\"w-ibanner-content\"><div class=\"w-ibanner-content-h\"><h2 class=\"w-ibanner-title\">CLIQUE E VEJA AS FOTOS!<\/h2><div class=\"w-ibanner-desc\"><\/div><\/div><\/div><\/div><a target=\"_blank\" href=\"https:\/\/www.facebook.com\/media\/set\/?set=a.3429116503978815&amp;type=3\" rel=\"noopener\" aria-label=\"CLIQUE E VEJA AS FOTOS!\"><\/a><\/div><div class=\"w-ibanner animation_melete ratio_1x1 easing_ease\"><div class=\"w-ibanner-h\"><div class=\"w-ibanner-image\" style=\"background-image: url(https:\/\/cineeco.com.br\/web\/wp-content\/uploads\/2022\/09\/8-06-copy.jpg)\"><\/div><div class=\"w-ibanner-content\"><div class=\"w-ibanner-content-h\"><h2 class=\"w-ibanner-title\">CLIQUE E VEJA AS FOTOS!<\/h2><div class=\"w-ibanner-desc\"><\/div><\/div><\/div><\/div><a target=\"_blank\" href=\"https:\/\/www.facebook.com\/media\/set\/?set=a.3429903267233472&amp;type=3\" rel=\"noopener\" aria-label=\"CLIQUE E VEJA AS FOTOS!\"><\/a><\/div><div class=\"w-ibanner animation_melete ratio_1x1 easing_ease\"><div class=\"w-ibanner-h\"><div class=\"w-ibanner-image\" style=\"background-image: url(https:\/\/cineeco.com.br\/web\/wp-content\/uploads\/2022\/09\/8-06-copy-2.jpg)\"><\/div><div class=\"w-ibanner-content\"><div class=\"w-ibanner-content-h\"><h2 class=\"w-ibanner-title\">CLIQUE E VEJA AS FOTOS!<\/h2><div class=\"w-ibanner-desc\"><\/div><\/div><\/div><\/div><a target=\"_blank\" href=\"https:\/\/www.facebook.com\/media\/set\/?set=a.3432166267007172&amp;type=3\" rel=\"noopener\" aria-label=\"CLIQUE E VEJA AS FOTOS!\"><\/a><\/div><\/div><\/div><div class=\"wpb_column vc_column_container\"><div class=\"vc_column-inner\"><div class=\"w-ibanner animation_melete ratio_1x1 easing_ease\"><div class=\"w-ibanner-h\"><div class=\"w-ibanner-image\" style=\"background-image: url(https:\/\/cineeco.com.br\/web\/wp-content\/uploads\/2022\/09\/15-8-06.jpg)\"><\/div><div class=\"w-ibanner-content\"><div class=\"w-ibanner-content-h\"><h2 class=\"w-ibanner-title\">CLIQUE E VEJA AS FOTOS!<\/h2><div class=\"w-ibanner-desc\"><\/div><\/div><\/div><\/div><a target=\"_blank\" href=\"https:\/\/www.facebook.com\/media\/set\/?set=a.3428430534047412&amp;type=3\" rel=\"noopener\" aria-label=\"CLIQUE E VEJA AS FOTOS!\"><\/a><\/div><div class=\"w-ibanner animation_melete ratio_1x1 easing_ease\"><div class=\"w-ibanner-h\"><div class=\"w-ibanner-image\" style=\"background-image: url(https:\/\/cineeco.com.br\/web\/wp-content\/uploads\/2022\/09\/7-06.jpg)\"><\/div><div class=\"w-ibanner-content\"><div class=\"w-ibanner-content-h\"><h2 class=\"w-ibanner-title\">CLIQUE E VEJA AS FOTOS!<\/h2><div class=\"w-ibanner-desc\"><\/div><\/div><\/div><\/div><a target=\"_blank\" href=\"https:\/\/www.facebook.com\/media\/set\/?set=a.3429895000567632&amp;type=3\" rel=\"noopener\" aria-label=\"CLIQUE E VEJA AS FOTOS!\"><\/a><\/div><div class=\"w-ibanner animation_melete ratio_1x1 easing_ease\"><div class=\"w-ibanner-h\"><div class=\"w-ibanner-image\" style=\"background-image: url(https:\/\/cineeco.com.br\/web\/wp-content\/uploads\/2022\/09\/6-06-copy.jpg)\"><\/div><div class=\"w-ibanner-content\"><div class=\"w-ibanner-content-h\"><h2 class=\"w-ibanner-title\">CLIQUE E VEJA AS FOTOS!<\/h2><div class=\"w-ibanner-desc\"><\/div><\/div><\/div><\/div><a target=\"_blank\" href=\"https:\/\/www.facebook.com\/media\/set\/?set=a.3432157620341370&amp;type=3\" rel=\"noopener\" aria-label=\"CLIQUE E VEJA AS FOTOS!\"><\/a><\/div><div class=\"w-ibanner animation_melete ratio_1x1 easing_ease\"><div class=\"w-ibanner-h\"><div class=\"w-ibanner-image\" style=\"background-image: url(https:\/\/cineeco.com.br\/web\/wp-content\/uploads\/2022\/09\/8-06-copy-3.jpg)\"><\/div><div class=\"w-ibanner-content\"><div class=\"w-ibanner-content-h\"><h2 class=\"w-ibanner-title\">CLIQUE E VEJA AS FOTOS!<\/h2><div class=\"w-ibanner-desc\"><\/div><\/div><\/div><\/div><a target=\"_blank\" href=\"https:\/\/www.facebook.com\/media\/set\/?set=a.3432171733673292&amp;type=3\" rel=\"noopener\" aria-label=\"CLIQUE E VEJA AS FOTOS!\"><\/a><\/div><\/div><\/div><\/div><\/div><\/section>\n","protected":false},"excerpt":{"rendered":"FOTOSCLIQUE E VEJA AS FOTOS!CLIQUE E VEJA AS FOTOS!CLIQUE E VEJA AS FOTOS!CLIQUE E VEJA AS FOTOS!CLIQUE E VEJA AS FOTOS!CLIQUE E VEJA AS FOTOS!CLIQUE E VEJA AS FOTOS!CLIQUE E VEJA AS FOTOS!CLIQUE E VEJA AS FOTOS!CLIQUE E VEJA AS FOTOS!CLIQUE E VEJA AS FOTOS!CLIQUE E VEJA AS FOTOS!","protected":false},"author":2,"featured_media":0,"parent":0,"menu_order":0,"comment_status":"closed","ping_status":"closed","template":"","meta":{"footnotes":""},"class_list":["post-4954","page","type-page","status-publish","hentry"],"_links":{"self":[{"href":"https:\/\/cineeco.com.br\/web\/wp-json\/wp\/v2\/pages\/4954","targetHints":{"allow":["GET"]}}],"collection":[{"href":"https:\/\/cineeco.com.br\/web\/wp-json\/wp\/v2\/pages"}],"about":[{"href":"https:\/\/cineeco.com.br\/web\/wp-json\/wp\/v2\/types\/page"}],"author":[{"embeddable":true,"href":"https:\/\/cineeco.com.br\/web\/wp-json\/wp\/v2\/users\/2"}],"replies":[{"embeddable":true,"href":"https:\/\/cineeco.com.br\/web\/wp-json\/wp\/v2\/comments?post=4954"}],"version-history":[{"count":9,"href":"https:\/\/cineeco.com.br\/web\/wp-json\/wp\/v2\/pages\/4954\/revisions"}],"predecessor-version":[{"id":4980,"href":"https:\/\/cineeco.com.br\/web\/wp-json\/wp\/v2\/pages\/4954\/revisions\/4980"}],"wp:attachment":[{"href":"https:\/\/cineeco.com.br\/web\/wp-json\/wp\/v2\/media?parent=4954"}],"curies":[{"name":"wp","href":"https:\/\/api.w.org\/{rel}","templated":true}]}}