{"id":4926,"date":"2022-08-02T09:49:59","date_gmt":"2022-08-02T12:49:59","guid":{"rendered":"https:\/\/cineeco.com.br\/web\/?page_id=4926"},"modified":"2022-08-22T11:24:15","modified_gmt":"2022-08-22T14:24:15","slug":"jundiai","status":"publish","type":"page","link":"https:\/\/cineeco.com.br\/web\/jundiai\/","title":{"rendered":"Jundia\u00ed"},"content":{"rendered":"<section class=\"l-section wpb_row height_medium\"><div class=\"l-section-h i-cf\"><div class=\"g-cols via_grid cols_4 laptops-cols_inherit tablets-cols_inherit mobiles-cols_1 valign_top type_default\"><div class=\"wpb_column vc_column_container\"><div class=\"vc_column-inner\"><\/div><\/div><div class=\"wpb_column vc_column_container\"><div class=\"vc_column-inner\"><div class=\"w-ibanner us_custom_477a0744 animation_melete ratio_1x1 easing_ease\"><div class=\"w-ibanner-h\"><div class=\"w-ibanner-image\" style=\"background-image: url(https:\/\/cineeco.com.br\/web\/wp-content\/uploads\/2022\/05\/oficina-2.jpg)\"><\/div><div class=\"w-ibanner-content\"><div class=\"w-ibanner-content-h\"><h2 class=\"w-ibanner-title\" style=\"font-size:20px;\">PROGRAMA\u00c7\u00c3O E FOTOS<\/h2><div class=\"w-ibanner-desc\"><\/div><\/div><\/div><\/div><a title=\"Oficina Programa\u00e7\u00e3o e Fotos Jundia\u00ed\" href=\"https:\/\/cineeco.com.br\/web\/oficina-programacao-e-fotos-jundiai\/\" aria-label=\"PROGRAMA\u00c7\u00c3O E FOTOS\"><\/a><\/div><\/div><\/div><div class=\"wpb_column vc_column_container\"><div class=\"vc_column-inner\"><div class=\"w-ibanner us_custom_050aff97 animation_melete ratio_1x1 easing_ease\"><div class=\"w-ibanner-h\"><div class=\"w-ibanner-image\" style=\"background-image: url(https:\/\/cineeco.com.br\/web\/wp-content\/uploads\/2022\/05\/APRESENTACOES.jpg)\"><\/div><div class=\"w-ibanner-content\"><div class=\"w-ibanner-content-h\"><h2 class=\"w-ibanner-title\" style=\"font-size:20px;\">PROGRAMA\u00c7\u00c3O E FOTOS<\/h2><div class=\"w-ibanner-desc\"><\/div><\/div><\/div><\/div><a title=\"Apresenta\u00e7\u00e3o Programa\u00e7\u00e3o e Fotos Jundia\u00ed\" href=\"https:\/\/cineeco.com.br\/web\/apresentacao-programacao-e-fotos-jundiai\/\" aria-label=\"PROGRAMA\u00c7\u00c3O E FOTOS\"><\/a><\/div><\/div><\/div><div class=\"wpb_column vc_column_container\"><div class=\"vc_column-inner\"><\/div><\/div><\/div><\/div><\/section>\n","protected":false},"excerpt":{"rendered":"PROGRAMA\u00c7\u00c3O E FOTOSPROGRAMA\u00c7\u00c3O E FOTOS","protected":false},"author":2,"featured_media":0,"parent":0,"menu_order":0,"comment_status":"closed","ping_status":"closed","template":"","meta":{"footnotes":""},"class_list":["post-4926","page","type-page","status-publish","hentry"],"_links":{"self":[{"href":"https:\/\/cineeco.com.br\/web\/wp-json\/wp\/v2\/pages\/4926","targetHints":{"allow":["GET"]}}],"collection":[{"href":"https:\/\/cineeco.com.br\/web\/wp-json\/wp\/v2\/pages"}],"about":[{"href":"https:\/\/cineeco.com.br\/web\/wp-json\/wp\/v2\/types\/page"}],"author":[{"embeddable":true,"href":"https:\/\/cineeco.com.br\/web\/wp-json\/wp\/v2\/users\/2"}],"replies":[{"embeddable":true,"href":"https:\/\/cineeco.com.br\/web\/wp-json\/wp\/v2\/comments?post=4926"}],"version-history":[{"count":3,"href":"https:\/\/cineeco.com.br\/web\/wp-json\/wp\/v2\/pages\/4926\/revisions"}],"predecessor-version":[{"id":4962,"href":"https:\/\/cineeco.com.br\/web\/wp-json\/wp\/v2\/pages\/4926\/revisions\/4962"}],"wp:attachment":[{"href":"https:\/\/cineeco.com.br\/web\/wp-json\/wp\/v2\/media?parent=4926"}],"curies":[{"name":"wp","href":"https:\/\/api.w.org\/{rel}","templated":true}]}}