{"id":4810,"date":"2022-05-23T09:54:10","date_gmt":"2022-05-23T12:54:10","guid":{"rendered":"https:\/\/cineeco.com.br\/web\/?page_id=4810"},"modified":"2022-06-20T20:27:21","modified_gmt":"2022-06-20T23:27:21","slug":"apresentacao-maringa","status":"publish","type":"page","link":"https:\/\/cineeco.com.br\/web\/apresentacao-maringa\/","title":{"rendered":"Apresenta\u00e7\u00e3o Programa\u00e7\u00e3o e Fotos Maring\u00e1"},"content":{"rendered":"<section class=\"l-section wpb_row height_medium\"><div class=\"l-section-h i-cf\"><div class=\"g-cols via_grid cols_1 laptops-cols_inherit tablets-cols_inherit mobiles-cols_1 valign_top type_default\"><div class=\"wpb_column vc_column_container\"><div class=\"vc_column-inner\"><div class=\"w-image align_center\"><div class=\"w-image-h\"><img loading=\"lazy\" decoding=\"async\" width=\"768\" height=\"348\" src=\"https:\/\/cineeco.com.br\/web\/wp-content\/uploads\/2022\/05\/Apresentacao-Maringa-Junho-1-768x348.jpg\" class=\"attachment-us_768_0 size-us_768_0\" alt=\"\" srcset=\"https:\/\/cineeco.com.br\/web\/wp-content\/uploads\/2022\/05\/Apresentacao-Maringa-Junho-1-768x348.jpg 768w, https:\/\/cineeco.com.br\/web\/wp-content\/uploads\/2022\/05\/Apresentacao-Maringa-Junho-1-300x136.jpg 300w, https:\/\/cineeco.com.br\/web\/wp-content\/uploads\/2022\/05\/Apresentacao-Maringa-Junho-1-600x271.jpg 600w, https:\/\/cineeco.com.br\/web\/wp-content\/uploads\/2022\/05\/Apresentacao-Maringa-Junho-1.jpg 968w\" sizes=\"auto, (max-width: 768px) 100vw, 768px\" \/><\/div><\/div><\/div><\/div><\/div><\/div><\/section><section class=\"l-section wpb_row height_auto\"><div class=\"l-section-h i-cf\"><div class=\"g-cols via_grid cols_1 laptops-cols_inherit tablets-cols_inherit mobiles-cols_1 valign_top type_default\"><div class=\"wpb_column vc_column_container\"><div class=\"vc_column-inner\"><div class=\"w-text us_custom_3ad351a3\"><span class=\"w-text-h\"><span class=\"w-text-value\">FOTOS<\/span><\/span><\/div><\/div><\/div><\/div><\/div><\/section><section class=\"l-section wpb_row height_small\"><div class=\"l-section-h i-cf\"><div class=\"g-cols via_grid cols_3 laptops-cols_inherit tablets-cols_inherit mobiles-cols_1 valign_top type_default\"><div class=\"wpb_column vc_column_container\"><div class=\"vc_column-inner\"><div class=\"w-ibanner animation_melete ratio_4x3 easing_ease\"><div class=\"w-ibanner-h\"><div class=\"w-ibanner-image\" style=\"background-image: url(https:\/\/cineeco.com.br\/web\/wp-content\/uploads\/2022\/06\/06-06-2.jpg)\"><\/div><div class=\"w-ibanner-content\"><div class=\"w-ibanner-content-h\"><h2 class=\"w-ibanner-title\">CLIQUE E VEJA AS FOTOS!<\/h2><div class=\"w-ibanner-desc\"><\/div><\/div><\/div><\/div><a target=\"_blank\" href=\"https:\/\/www.facebook.com\/media\/set\/?set=a.3368296793394120&amp;type=3\" rel=\"noopener\" aria-label=\"CLIQUE E VEJA AS FOTOS!\"><\/a><\/div><\/div><\/div><div class=\"wpb_column vc_column_container\"><div class=\"vc_column-inner\"><div class=\"w-ibanner animation_melete ratio_4x3 easing_ease\"><div class=\"w-ibanner-h\"><div class=\"w-ibanner-image\" style=\"background-image: url(https:\/\/cineeco.com.br\/web\/wp-content\/uploads\/2022\/06\/6-06.jpg)\"><\/div><div class=\"w-ibanner-content\"><div class=\"w-ibanner-content-h\"><h2 class=\"w-ibanner-title\">CLIQUE E VEJA AS FOTOS!<\/h2><div class=\"w-ibanner-desc\"><\/div><\/div><\/div><\/div><a target=\"_blank\" href=\"https:\/\/www.facebook.com\/media\/set\/?set=a.3368304200060046&amp;type=3\" rel=\"noopener\" aria-label=\"CLIQUE E VEJA AS FOTOS!\"><\/a><\/div><\/div><\/div><div class=\"wpb_column vc_column_container\"><div class=\"vc_column-inner\"><div class=\"w-ibanner animation_melete ratio_4x3 easing_ease\"><div class=\"w-ibanner-h\"><div class=\"w-ibanner-image\" style=\"background-image: url(https:\/\/cineeco.com.br\/web\/wp-content\/uploads\/2022\/06\/7-06_1.jpg)\"><\/div><div class=\"w-ibanner-content\"><div class=\"w-ibanner-content-h\"><h2 class=\"w-ibanner-title\">CLIQUE E VEJA AS FOTOS!<\/h2><div class=\"w-ibanner-desc\"><\/div><\/div><\/div><\/div><a target=\"_blank\" href=\"https:\/\/www.facebook.com\/media\/set\/?set=a.3368991136658019&amp;type=3\" rel=\"noopener\" aria-label=\"CLIQUE E VEJA AS FOTOS!\"><\/a><\/div><\/div><\/div><\/div><\/div><\/section><section class=\"l-section wpb_row height_small\"><div class=\"l-section-h i-cf\"><div class=\"g-cols via_grid cols_3 laptops-cols_inherit tablets-cols_inherit mobiles-cols_1 valign_top type_default\"><div class=\"wpb_column vc_column_container\"><div class=\"vc_column-inner\"><div class=\"w-ibanner animation_melete ratio_4x3 easing_ease\"><div class=\"w-ibanner-h\"><div class=\"w-ibanner-image\" style=\"background-image: url(https:\/\/cineeco.com.br\/web\/wp-content\/uploads\/2022\/06\/7-06.jpg)\"><\/div><div class=\"w-ibanner-content\"><div class=\"w-ibanner-content-h\"><h2 class=\"w-ibanner-title\">CLIQUE E VEJA AS FOTOS!<\/h2><div class=\"w-ibanner-desc\"><\/div><\/div><\/div><\/div><a target=\"_blank\" href=\"https:\/\/www.facebook.com\/media\/set\/?set=a.3369795396577593&amp;type=3\" rel=\"noopener\" aria-label=\"CLIQUE E VEJA AS FOTOS!\"><\/a><\/div><\/div><\/div><div class=\"wpb_column vc_column_container\"><div class=\"vc_column-inner\"><div class=\"w-ibanner animation_melete ratio_4x3 easing_ease\"><div class=\"w-ibanner-h\"><div class=\"w-ibanner-image\" style=\"background-image: url(https:\/\/cineeco.com.br\/web\/wp-content\/uploads\/2022\/06\/15-8-06.jpg)\"><\/div><div class=\"w-ibanner-content\"><div class=\"w-ibanner-content-h\"><h2 class=\"w-ibanner-title\">CLIQUE E VEJA AS FOTOS!<\/h2><div class=\"w-ibanner-desc\"><\/div><\/div><\/div><\/div><a target=\"_blank\" href=\"https:\/\/www.facebook.com\/media\/set\/?set=a.3369804086576724&amp;type=3\" rel=\"noopener\" aria-label=\"CLIQUE E VEJA AS FOTOS!\"><\/a><\/div><\/div><\/div><div class=\"wpb_column vc_column_container\"><div class=\"vc_column-inner\"><div class=\"w-ibanner animation_melete ratio_4x3 easing_ease\"><div class=\"w-ibanner-h\"><div class=\"w-ibanner-image\" style=\"background-image: url(https:\/\/cineeco.com.br\/web\/wp-content\/uploads\/2022\/06\/8-06.jpg)\"><\/div><div class=\"w-ibanner-content\"><div class=\"w-ibanner-content-h\"><h2 class=\"w-ibanner-title\">CLIQUE E VEJA AS FOTOS!<\/h2><div class=\"w-ibanner-desc\"><\/div><\/div><\/div><\/div><a target=\"_blank\" href=\"https:\/\/www.facebook.com\/media\/set\/?set=a.3369817463242053&amp;type=3\" rel=\"noopener\" aria-label=\"CLIQUE E VEJA AS FOTOS!\"><\/a><\/div><\/div><\/div><\/div><\/div><\/section>\n","protected":false},"excerpt":{"rendered":"FOTOSCLIQUE E VEJA AS FOTOS!CLIQUE E VEJA AS FOTOS!CLIQUE E VEJA AS FOTOS!CLIQUE E VEJA AS FOTOS!CLIQUE E VEJA AS FOTOS!CLIQUE E VEJA AS FOTOS!","protected":false},"author":2,"featured_media":0,"parent":0,"menu_order":0,"comment_status":"closed","ping_status":"closed","template":"","meta":{"footnotes":""},"class_list":["post-4810","page","type-page","status-publish","hentry"],"_links":{"self":[{"href":"https:\/\/cineeco.com.br\/web\/wp-json\/wp\/v2\/pages\/4810","targetHints":{"allow":["GET"]}}],"collection":[{"href":"https:\/\/cineeco.com.br\/web\/wp-json\/wp\/v2\/pages"}],"about":[{"href":"https:\/\/cineeco.com.br\/web\/wp-json\/wp\/v2\/types\/page"}],"author":[{"embeddable":true,"href":"https:\/\/cineeco.com.br\/web\/wp-json\/wp\/v2\/users\/2"}],"replies":[{"embeddable":true,"href":"https:\/\/cineeco.com.br\/web\/wp-json\/wp\/v2\/comments?post=4810"}],"version-history":[{"count":9,"href":"https:\/\/cineeco.com.br\/web\/wp-json\/wp\/v2\/pages\/4810\/revisions"}],"predecessor-version":[{"id":4839,"href":"https:\/\/cineeco.com.br\/web\/wp-json\/wp\/v2\/pages\/4810\/revisions\/4839"}],"wp:attachment":[{"href":"https:\/\/cineeco.com.br\/web\/wp-json\/wp\/v2\/media?parent=4810"}],"curies":[{"name":"wp","href":"https:\/\/api.w.org\/{rel}","templated":true}]}}