{"id":4805,"date":"2022-05-23T09:51:14","date_gmt":"2022-05-23T12:51:14","guid":{"rendered":"https:\/\/cineeco.com.br\/web\/?page_id=4805"},"modified":"2022-06-20T13:28:21","modified_gmt":"2022-06-20T16:28:21","slug":"apresentacao-sumare","status":"publish","type":"page","link":"https:\/\/cineeco.com.br\/web\/apresentacao-sumare\/","title":{"rendered":"Apresenta\u00e7\u00e3o Programa\u00e7\u00e3o e Fotos Sumar\u00e9 teste"},"content":{"rendered":"<section class=\"l-section wpb_row height_medium\"><div class=\"l-section-h i-cf\"><div class=\"g-cols via_grid cols_2 laptops-cols_inherit tablets-cols_inherit mobiles-cols_1 valign_top type_default\"><div class=\"wpb_column vc_column_container\"><div class=\"vc_column-inner\"><div class=\"w-image has_ratio align_center\"><div class=\"w-image-h\"><div style=\"padding-bottom:75%\"><\/div><img loading=\"lazy\" decoding=\"async\" width=\"968\" height=\"438\" src=\"https:\/\/cineeco.com.br\/web\/wp-content\/uploads\/2022\/05\/apresentacao-maio-Sumare.jpg\" class=\"attachment-full size-full\" alt=\"\" srcset=\"https:\/\/cineeco.com.br\/web\/wp-content\/uploads\/2022\/05\/apresentacao-maio-Sumare.jpg 968w, https:\/\/cineeco.com.br\/web\/wp-content\/uploads\/2022\/05\/apresentacao-maio-Sumare-300x136.jpg 300w, https:\/\/cineeco.com.br\/web\/wp-content\/uploads\/2022\/05\/apresentacao-maio-Sumare-768x348.jpg 768w, https:\/\/cineeco.com.br\/web\/wp-content\/uploads\/2022\/05\/apresentacao-maio-Sumare-600x271.jpg 600w\" sizes=\"auto, (max-width: 968px) 100vw, 968px\" \/><\/div><\/div><\/div><\/div><div class=\"wpb_column vc_column_container\"><div class=\"vc_column-inner\"><div class=\"w-image has_ratio align_center\"><div class=\"w-image-h\"><div style=\"padding-bottom:75%\"><\/div><img loading=\"lazy\" decoding=\"async\" width=\"968\" height=\"438\" src=\"https:\/\/cineeco.com.br\/web\/wp-content\/uploads\/2022\/05\/Sumare-Junh.jpg\" class=\"attachment-full size-full\" alt=\"\" srcset=\"https:\/\/cineeco.com.br\/web\/wp-content\/uploads\/2022\/05\/Sumare-Junh.jpg 968w, https:\/\/cineeco.com.br\/web\/wp-content\/uploads\/2022\/05\/Sumare-Junh-300x136.jpg 300w, https:\/\/cineeco.com.br\/web\/wp-content\/uploads\/2022\/05\/Sumare-Junh-768x348.jpg 768w, https:\/\/cineeco.com.br\/web\/wp-content\/uploads\/2022\/05\/Sumare-Junh-600x271.jpg 600w\" sizes=\"auto, (max-width: 968px) 100vw, 968px\" \/><\/div><\/div><\/div><\/div><\/div><\/div><\/section><section class=\"l-section wpb_row height_medium\"><div class=\"l-section-h i-cf\"><div class=\"g-cols via_grid cols_1 laptops-cols_inherit tablets-cols_inherit mobiles-cols_1 valign_top type_default\"><div class=\"wpb_column vc_column_container\"><div class=\"vc_column-inner\"><div class=\"w-text us_custom_3ad351a3\"><span class=\"w-text-h\"><span class=\"w-text-value\">FOTOS<\/span><\/span><\/div><div class=\"g-cols wpb_row via_grid cols_3 laptops-cols_inherit tablets-cols_inherit mobiles-cols_1 valign_top type_default\"><div class=\"wpb_column vc_column_container\"><div class=\"vc_column-inner\"><div class=\"w-ibanner animation_melete ratio_4x3 easing_ease\"><div class=\"w-ibanner-h\"><div class=\"w-ibanner-image\" style=\"background-image: url(https:\/\/cineeco.com.br\/web\/wp-content\/uploads\/2022\/05\/botao-25.jpg)\"><\/div><div class=\"w-ibanner-content\"><div class=\"w-ibanner-content-h\"><h2 class=\"w-ibanner-title\">CLIQUE E VEJA AS FOTOS!<\/h2><div class=\"w-ibanner-desc\"><\/div><\/div><\/div><\/div><a title=\"Clique aqui e veja as fotos!\" target=\"_blank\" href=\"https:\/\/www.facebook.com\/media\/set\/?set=a.3359284960961970&amp;type=3\" rel=\"noopener\" aria-label=\"CLIQUE E VEJA AS FOTOS!\"><\/a><\/div><\/div><\/div><div class=\"wpb_column vc_column_container\"><div class=\"vc_column-inner\"><div class=\"w-ibanner animation_melete ratio_4x3 easing_ease\"><div class=\"w-ibanner-h\"><div class=\"w-ibanner-image\" style=\"background-image: url(https:\/\/cineeco.com.br\/web\/wp-content\/uploads\/2022\/05\/botao-26.jpg)\"><\/div><div class=\"w-ibanner-content\"><div class=\"w-ibanner-content-h\"><h2 class=\"w-ibanner-title\">CLIQUE E VEJA AS FOTOS!<\/h2><div class=\"w-ibanner-desc\"><\/div><\/div><\/div><\/div><a href=\"https:\/\/www.facebook.com\/media\/set\/?set=a.3359960774227722&amp;type=3\" aria-label=\"CLIQUE E VEJA AS FOTOS!\"><\/a><\/div><\/div><\/div><div class=\"wpb_column vc_column_container\"><div class=\"vc_column-inner\"><div class=\"w-ibanner animation_melete ratio_4x3 easing_ease\"><div class=\"w-ibanner-h\"><div class=\"w-ibanner-image\" style=\"background-image: url(https:\/\/cineeco.com.br\/web\/wp-content\/uploads\/2022\/05\/botao-27.jpg)\"><\/div><div class=\"w-ibanner-content\"><div class=\"w-ibanner-content-h\"><h2 class=\"w-ibanner-title\">CLIQUE E VEJA AS FOTOS!<\/h2><div class=\"w-ibanner-desc\"><\/div><\/div><\/div><\/div><a href=\"https:\/\/www.facebook.com\/media\/set\/?set=a.3360794470811019&amp;type=3\" aria-label=\"CLIQUE E VEJA AS FOTOS!\"><\/a><\/div><\/div><\/div><\/div><div class=\"g-cols wpb_row via_grid cols_3 laptops-cols_inherit tablets-cols_inherit mobiles-cols_1 valign_top type_default\"><div class=\"wpb_column vc_column_container\"><div class=\"vc_column-inner\"><div class=\"w-ibanner animation_melete ratio_4x3 easing_ease\"><div class=\"w-ibanner-h\"><div class=\"w-ibanner-image\" style=\"background-image: url(https:\/\/cineeco.com.br\/web\/wp-content\/uploads\/2022\/06\/13-06-copy.jpg)\"><\/div><div class=\"w-ibanner-content\"><div class=\"w-ibanner-content-h\"><h2 class=\"w-ibanner-title\">CLIQUE E VEJA AS FOTOS!<\/h2><div class=\"w-ibanner-desc\"><\/div><\/div><\/div><\/div><a title=\"Clique aqui e veja as fotos!\" target=\"_blank\" href=\"https:\/\/www.facebook.com\/media\/set\/?set=a.3373789386178194&amp;type=3\" rel=\"noopener\" aria-label=\"CLIQUE E VEJA AS FOTOS!\"><\/a><\/div><\/div><\/div><div class=\"wpb_column vc_column_container\"><div class=\"vc_column-inner\"><div class=\"w-ibanner animation_melete ratio_4x3 easing_ease\"><div class=\"w-ibanner-h\"><div class=\"w-ibanner-image\" style=\"background-image: url(https:\/\/cineeco.com.br\/web\/wp-content\/uploads\/2022\/06\/13-06-1.jpg)\"><\/div><div class=\"w-ibanner-content\"><div class=\"w-ibanner-content-h\"><h2 class=\"w-ibanner-title\">CLIQUE E VEJA AS FOTOS!<\/h2><div class=\"w-ibanner-desc\"><\/div><\/div><\/div><\/div><a target=\"_blank\" href=\"https:\/\/www.facebook.com\/media\/set\/?set=a.3373795056177627&amp;type=3\" rel=\"noopener\" aria-label=\"CLIQUE E VEJA AS FOTOS!\"><\/a><\/div><\/div><\/div><div class=\"wpb_column vc_column_container\"><div class=\"vc_column-inner\"><div class=\"w-ibanner animation_melete ratio_4x3 easing_ease\"><div class=\"w-ibanner-h\"><div class=\"w-ibanner-image\" style=\"background-image: url(https:\/\/cineeco.com.br\/web\/wp-content\/uploads\/2022\/06\/14-06.jpg)\"><\/div><div class=\"w-ibanner-content\"><div class=\"w-ibanner-content-h\"><h2 class=\"w-ibanner-title\">CLIQUE E VEJA AS FOTOS!<\/h2><div class=\"w-ibanner-desc\"><\/div><\/div><\/div><\/div><a target=\"_blank\" href=\"https:\/\/www.facebook.com\/media\/set\/?set=a.3374638572759942&amp;type=3\" rel=\"noopener\" aria-label=\"CLIQUE E VEJA AS FOTOS!\"><\/a><\/div><\/div><\/div><\/div><div class=\"g-cols wpb_row via_grid cols_3 laptops-cols_inherit tablets-cols_inherit mobiles-cols_1 valign_top type_default\"><div class=\"wpb_column vc_column_container\"><div class=\"vc_column-inner\"><div class=\"w-ibanner animation_melete ratio_4x3 easing_ease\"><div class=\"w-ibanner-h\"><div class=\"w-ibanner-image\" style=\"background-image: url(https:\/\/cineeco.com.br\/web\/wp-content\/uploads\/2022\/06\/15-06-copy.jpg)\"><\/div><div class=\"w-ibanner-content\"><div class=\"w-ibanner-content-h\"><h2 class=\"w-ibanner-title\">CLIQUE E VEJA AS FOTOS!<\/h2><div class=\"w-ibanner-desc\"><\/div><\/div><\/div><\/div><a title=\"Clique aqui e veja as fotos!\" target=\"_blank\" href=\"https:\/\/www.facebook.com\/media\/set\/?set=a.3375412259349240&amp;type=3\" rel=\"noopener\" aria-label=\"CLIQUE E VEJA AS FOTOS!\"><\/a><\/div><\/div><\/div><div class=\"wpb_column vc_column_container\"><div class=\"vc_column-inner\"><div class=\"w-ibanner animation_melete ratio_4x3 easing_ease\"><div class=\"w-ibanner-h\"><div class=\"w-ibanner-image\" style=\"background-image: url(https:\/\/cineeco.com.br\/web\/wp-content\/uploads\/2022\/06\/15-06-1.jpg)\"><\/div><div class=\"w-ibanner-content\"><div class=\"w-ibanner-content-h\"><h2 class=\"w-ibanner-title\">CLIQUE E VEJA AS FOTOS!<\/h2><div class=\"w-ibanner-desc\"><\/div><\/div><\/div><\/div><a target=\"_blank\" href=\"https:\/\/www.facebook.com\/media\/set\/?set=a.3375420549348411&amp;type=3\" rel=\"noopener\" aria-label=\"CLIQUE E VEJA AS FOTOS!\"><\/a><\/div><\/div><\/div><div class=\"wpb_column vc_column_container\"><div class=\"vc_column-inner\"><\/div><\/div><\/div><\/div><\/div><\/div><\/div><\/section>\n","protected":false},"excerpt":{"rendered":"FOTOSCLIQUE E VEJA AS FOTOS!CLIQUE E VEJA AS FOTOS!CLIQUE E VEJA AS FOTOS!CLIQUE E VEJA AS FOTOS!CLIQUE E VEJA AS FOTOS!CLIQUE E VEJA AS FOTOS!CLIQUE E VEJA AS FOTOS!CLIQUE E VEJA AS FOTOS!","protected":false},"author":2,"featured_media":0,"parent":0,"menu_order":0,"comment_status":"closed","ping_status":"closed","template":"","meta":{"footnotes":""},"class_list":["post-4805","page","type-page","status-publish","hentry"],"_links":{"self":[{"href":"https:\/\/cineeco.com.br\/web\/wp-json\/wp\/v2\/pages\/4805","targetHints":{"allow":["GET"]}}],"collection":[{"href":"https:\/\/cineeco.com.br\/web\/wp-json\/wp\/v2\/pages"}],"about":[{"href":"https:\/\/cineeco.com.br\/web\/wp-json\/wp\/v2\/types\/page"}],"author":[{"embeddable":true,"href":"https:\/\/cineeco.com.br\/web\/wp-json\/wp\/v2\/users\/2"}],"replies":[{"embeddable":true,"href":"https:\/\/cineeco.com.br\/web\/wp-json\/wp\/v2\/comments?post=4805"}],"version-history":[{"count":9,"href":"https:\/\/cineeco.com.br\/web\/wp-json\/wp\/v2\/pages\/4805\/revisions"}],"predecessor-version":[{"id":4864,"href":"https:\/\/cineeco.com.br\/web\/wp-json\/wp\/v2\/pages\/4805\/revisions\/4864"}],"wp:attachment":[{"href":"https:\/\/cineeco.com.br\/web\/wp-json\/wp\/v2\/media?parent=4805"}],"curies":[{"name":"wp","href":"https:\/\/api.w.org\/{rel}","templated":true}]}}