{"id":4772,"date":"2022-05-11T13:47:39","date_gmt":"2022-05-11T16:47:39","guid":{"rendered":"https:\/\/cineeco.com.br\/web\/?page_id=4772"},"modified":"2022-06-20T20:51:33","modified_gmt":"2022-06-20T23:51:33","slug":"programacao-e-fotos-sumare-prov","status":"publish","type":"page","link":"https:\/\/cineeco.com.br\/web\/programacao-e-fotos-sumare-prov\/","title":{"rendered":"Oficina Programa\u00e7\u00e3o e Fotos Sumar\u00e9 teste"},"content":{"rendered":"<section class=\"l-section wpb_row height_medium\"><div class=\"l-section-h i-cf\"><div class=\"g-cols via_grid cols_2 laptops-cols_inherit tablets-cols_inherit mobiles-cols_1 valign_top type_default\"><div class=\"wpb_column vc_column_container\"><div class=\"vc_column-inner\"><div class=\"w-image align_center\"><div class=\"w-image-h\"><img loading=\"lazy\" decoding=\"async\" width=\"768\" height=\"348\" src=\"https:\/\/cineeco.com.br\/web\/wp-content\/uploads\/2022\/05\/Artboard-3-768x348.jpg\" class=\"attachment-us_768_0 size-us_768_0\" alt=\"\" srcset=\"https:\/\/cineeco.com.br\/web\/wp-content\/uploads\/2022\/05\/Artboard-3-768x348.jpg 768w, https:\/\/cineeco.com.br\/web\/wp-content\/uploads\/2022\/05\/Artboard-3-300x136.jpg 300w, https:\/\/cineeco.com.br\/web\/wp-content\/uploads\/2022\/05\/Artboard-3-1024x464.jpg 1024w, https:\/\/cineeco.com.br\/web\/wp-content\/uploads\/2022\/05\/Artboard-3-1000x453.jpg 1000w, https:\/\/cineeco.com.br\/web\/wp-content\/uploads\/2022\/05\/Artboard-3-600x272.jpg 600w\" sizes=\"auto, (max-width: 768px) 100vw, 768px\" \/><\/div><\/div><\/div><\/div><div class=\"wpb_column vc_column_container\"><div class=\"vc_column-inner\"><div class=\"w-image align_center\"><div class=\"w-image-h\"><img loading=\"lazy\" decoding=\"async\" width=\"768\" height=\"348\" src=\"https:\/\/cineeco.com.br\/web\/wp-content\/uploads\/2022\/05\/Artboard-3-copy-scaled.jpg\" class=\"attachment-us_768_0 size-us_768_0\" alt=\"\" srcset=\"https:\/\/cineeco.com.br\/web\/wp-content\/uploads\/2022\/05\/Artboard-3-copy-scaled.jpg 4000w, https:\/\/cineeco.com.br\/web\/wp-content\/uploads\/2022\/05\/Artboard-3-copy-300x136.jpg 300w, https:\/\/cineeco.com.br\/web\/wp-content\/uploads\/2022\/05\/Artboard-3-copy-1024x464.jpg 1024w\" sizes=\"auto, (max-width: 768px) 100vw, 768px\" \/><\/div><\/div><\/div><\/div><\/div><\/div><\/section><section class=\"l-section wpb_row height_auto\"><div class=\"l-section-h i-cf\"><div class=\"g-cols via_grid cols_1 laptops-cols_inherit tablets-cols_inherit mobiles-cols_1 valign_top type_default\"><div class=\"wpb_column vc_column_container\"><div class=\"vc_column-inner\"><div class=\"w-text us_custom_3ad351a3\"><span class=\"w-text-h\"><span class=\"w-text-value\">FOTOS<\/span><\/span><\/div><\/div><\/div><\/div><\/div><\/section><section class=\"l-section wpb_row height_small\"><div class=\"l-section-h i-cf\"><div class=\"g-cols via_grid cols_3 laptops-cols_inherit tablets-cols_inherit mobiles-cols_1 valign_top type_default\"><div class=\"wpb_column vc_column_container\"><div class=\"vc_column-inner\"><div class=\"w-ibanner animation_melete ratio_4x3 easing_ease\"><div class=\"w-ibanner-h\"><div class=\"w-ibanner-image\" style=\"background-image: url(https:\/\/cineeco.com.br\/web\/wp-content\/uploads\/2022\/06\/06-06-oficinas.jpg)\"><\/div><div class=\"w-ibanner-content\"><div class=\"w-ibanner-content-h\"><h2 class=\"w-ibanner-title\">CLIQUE E VEJA AS FOTOS!<\/h2><div class=\"w-ibanner-desc\"><\/div><\/div><\/div><\/div><a target=\"_blank\" href=\"https:\/\/www.facebook.com\/media\/set\/?set=a.3368266193397180&amp;type=3\" rel=\"noopener\" aria-label=\"CLIQUE E VEJA AS FOTOS!\"><\/a><\/div><\/div><\/div><div class=\"wpb_column vc_column_container\"><div class=\"vc_column-inner\"><div class=\"w-ibanner animation_melete ratio_4x3 easing_ease\"><div class=\"w-ibanner-h\"><div class=\"w-ibanner-image\" style=\"background-image: url(https:\/\/cineeco.com.br\/web\/wp-content\/uploads\/2022\/06\/07-06-oficinas.jpg)\"><\/div><div class=\"w-ibanner-content\"><div class=\"w-ibanner-content-h\"><h2 class=\"w-ibanner-title\">CLIQUE E VEJA AS FOTOS!<\/h2><div class=\"w-ibanner-desc\"><\/div><\/div><\/div><\/div><a target=\"_blank\" href=\"https:\/\/www.facebook.com\/media\/set\/?set=a.3368986569991809&amp;type=3\" rel=\"noopener\" aria-label=\"CLIQUE E VEJA AS FOTOS!\"><\/a><\/div><\/div><\/div><div class=\"wpb_column vc_column_container\"><div class=\"vc_column-inner\"><div class=\"w-ibanner animation_melete ratio_4x3 easing_ease\"><div class=\"w-ibanner-h\"><div class=\"w-ibanner-image\" style=\"background-image: url(https:\/\/cineeco.com.br\/web\/wp-content\/uploads\/2022\/06\/08-06-oficinas.jpg)\"><\/div><div class=\"w-ibanner-content\"><div class=\"w-ibanner-content-h\"><h2 class=\"w-ibanner-title\">CLIQUE E VEJA AS FOTOS!<\/h2><div class=\"w-ibanner-desc\"><\/div><\/div><\/div><\/div><a target=\"_blank\" href=\"https:\/\/www.facebook.com\/media\/set\/?set=a.3369798206577312&amp;type=3\" rel=\"noopener\" aria-label=\"CLIQUE E VEJA AS FOTOS!\"><\/a><\/div><\/div><\/div><\/div><\/div><\/section>\n","protected":false},"excerpt":{"rendered":"FOTOSCLIQUE E VEJA AS FOTOS!CLIQUE E VEJA AS FOTOS!CLIQUE E VEJA AS FOTOS!","protected":false},"author":2,"featured_media":0,"parent":0,"menu_order":0,"comment_status":"closed","ping_status":"closed","template":"","meta":{"footnotes":""},"class_list":["post-4772","page","type-page","status-publish","hentry"],"_links":{"self":[{"href":"https:\/\/cineeco.com.br\/web\/wp-json\/wp\/v2\/pages\/4772","targetHints":{"allow":["GET"]}}],"collection":[{"href":"https:\/\/cineeco.com.br\/web\/wp-json\/wp\/v2\/pages"}],"about":[{"href":"https:\/\/cineeco.com.br\/web\/wp-json\/wp\/v2\/types\/page"}],"author":[{"embeddable":true,"href":"https:\/\/cineeco.com.br\/web\/wp-json\/wp\/v2\/users\/2"}],"replies":[{"embeddable":true,"href":"https:\/\/cineeco.com.br\/web\/wp-json\/wp\/v2\/comments?post=4772"}],"version-history":[{"count":15,"href":"https:\/\/cineeco.com.br\/web\/wp-json\/wp\/v2\/pages\/4772\/revisions"}],"predecessor-version":[{"id":4883,"href":"https:\/\/cineeco.com.br\/web\/wp-json\/wp\/v2\/pages\/4772\/revisions\/4883"}],"wp:attachment":[{"href":"https:\/\/cineeco.com.br\/web\/wp-json\/wp\/v2\/media?parent=4772"}],"curies":[{"name":"wp","href":"https:\/\/api.w.org\/{rel}","templated":true}]}}