{"id":4796,"date":"2022-05-17T15:20:41","date_gmt":"2022-05-17T18:20:41","guid":{"rendered":"http:\/\/cineeco.com.br\/web\/?page_id=4796"},"modified":"2022-06-20T20:58:22","modified_gmt":"2022-06-20T23:58:22","slug":"programacao-e-fotos-maringa-prov","status":"publish","type":"page","link":"http:\/\/cineeco.com.br\/web\/programacao-e-fotos-maringa-prov\/","title":{"rendered":"Oficina Programa\u00e7\u00e3o e Fotos Maring\u00e1"},"content":{"rendered":"<section class=\"l-section wpb_row height_medium\"><div class=\"l-section-h i-cf\"><div class=\"g-cols via_grid cols_1 laptops-cols_inherit tablets-cols_inherit mobiles-cols_1 valign_top type_default\"><div class=\"wpb_column vc_column_container\"><div class=\"vc_column-inner\"><div class=\"w-image align_center\"><div class=\"w-image-h\"><img loading=\"lazy\" decoding=\"async\" width=\"768\" height=\"348\" src=\"http:\/\/cineeco.com.br\/web\/wp-content\/uploads\/2022\/05\/Maringa-Oficina-1-768x348.jpg\" class=\"attachment-us_768_0 size-us_768_0\" alt=\"\" srcset=\"http:\/\/cineeco.com.br\/web\/wp-content\/uploads\/2022\/05\/Maringa-Oficina-1-768x348.jpg 768w, http:\/\/cineeco.com.br\/web\/wp-content\/uploads\/2022\/05\/Maringa-Oficina-1-300x136.jpg 300w, http:\/\/cineeco.com.br\/web\/wp-content\/uploads\/2022\/05\/Maringa-Oficina-1-600x271.jpg 600w, http:\/\/cineeco.com.br\/web\/wp-content\/uploads\/2022\/05\/Maringa-Oficina-1.jpg 968w\" sizes=\"auto, (max-width: 768px) 100vw, 768px\" \/><\/div><\/div><\/div><\/div><\/div><\/div><\/section>\n","protected":false},"excerpt":{"rendered":"","protected":false},"author":2,"featured_media":0,"parent":0,"menu_order":0,"comment_status":"closed","ping_status":"closed","template":"","meta":{"footnotes":""},"class_list":["post-4796","page","type-page","status-publish","hentry"],"_links":{"self":[{"href":"http:\/\/cineeco.com.br\/web\/wp-json\/wp\/v2\/pages\/4796","targetHints":{"allow":["GET"]}}],"collection":[{"href":"http:\/\/cineeco.com.br\/web\/wp-json\/wp\/v2\/pages"}],"about":[{"href":"http:\/\/cineeco.com.br\/web\/wp-json\/wp\/v2\/types\/page"}],"author":[{"embeddable":true,"href":"http:\/\/cineeco.com.br\/web\/wp-json\/wp\/v2\/users\/2"}],"replies":[{"embeddable":true,"href":"http:\/\/cineeco.com.br\/web\/wp-json\/wp\/v2\/comments?post=4796"}],"version-history":[{"count":5,"href":"http:\/\/cineeco.com.br\/web\/wp-json\/wp\/v2\/pages\/4796\/revisions"}],"predecessor-version":[{"id":4884,"href":"http:\/\/cineeco.com.br\/web\/wp-json\/wp\/v2\/pages\/4796\/revisions\/4884"}],"wp:attachment":[{"href":"http:\/\/cineeco.com.br\/web\/wp-json\/wp\/v2\/media?parent=4796"}],"curies":[{"name":"wp","href":"https:\/\/api.w.org\/{rel}","templated":true}]}}